{"id":11241,"date":"2025-03-11T14:44:20","date_gmt":"2025-03-11T14:44:20","guid":{"rendered":"https:\/\/wavecom.com\/impressum\/"},"modified":"2025-07-31T10:28:57","modified_gmt":"2025-07-31T09:28:57","slug":"impressum","status":"publish","type":"page","link":"https:\/\/wavecom.com\/de\/impressum\/","title":{"rendered":"Impressum"},"content":{"rendered":"<p><div class=\"fusion-bg-parallax\" data-bg-align=\"right bottom\" data-direction=\"up\" data-mute=\"false\" data-opacity=\"100\" data-velocity=\"-0.3\" data-mobile-enabled=\"false\" data-break_parents=\"0\" data-bg-image=\"https:\/\/wavecom.com\/wp-content\/uploads\/2024\/12\/certificacions_background-v2.jpg\" data-bg-repeat=\"false\" data-bg-gradient-type=\"linear\" data-bg-gradient-angle=\"180\" data-bg-gradient-start-color=\"rgba(27,32,50,0.5)\" data-bg-gradient-start-position=\"0\" data-bg-gradient-end-color=\"rgba(27,32,50,0)\" data-bg-gradient-end-position=\"100\" data-bg-radial-direction=\"center center\" ><\/div><div class=\"fusion-fullwidth fullwidth-box fusion-builder-row-1 fusion-flex-container has-pattern-background has-mask-background fusion-parallax-up hundred-percent-fullwidth non-hundred-percent-height-scrolling\" style=\"--awb-background-position:right bottom;--awb-border-radius-top-left:0px;--awb-border-radius-top-right:0px;--awb-border-radius-bottom-right:0px;--awb-border-radius-bottom-left:0px;--awb-padding-top:15%;--awb-padding-right:0px;--awb-padding-bottom:5%;--awb-padding-left:0px;--awb-margin-top:0px;--awb-margin-bottom:0px;--awb-background-image:linear-gradient(180deg, rgba(27,32,50,0.5) 0%,rgba(27,32,50,0) 100%),url(https:\/\/wavecom.com\/wp-content\/uploads\/2024\/12\/certificacions_background-v2.jpg);;--awb-background-size:cover;--awb-flex-wrap:wrap;\" id=\"banner\" ><div class=\"fusion-builder-row fusion-row fusion-flex-align-items-flex-end fusion-flex-content-wrap\" style=\"width:104% !important;max-width:104% !important;margin-left: calc(-4% \/ 2 );margin-right: calc(-4% \/ 2 );\"><div class=\"fusion-layout-column fusion_builder_column fusion-builder-column-0 fusion_builder_column_1_1 1_1 fusion-flex-column\" style=\"--awb-bg-size:cover;--awb-width-large:100%;--awb-margin-top-large:25px;--awb-spacing-right-large:1.92%;--awb-margin-bottom-large:25px;--awb-spacing-left-large:15.36%;--awb-width-medium:100%;--awb-order-medium:0;--awb-spacing-right-medium:1.92%;--awb-spacing-left-medium:1.92%;--awb-width-small:100%;--awb-order-small:0;--awb-spacing-right-small:1.92%;--awb-spacing-left-small:1.92%;\" data-scroll-devices=\"small-visibility,medium-visibility,large-visibility\"><div class=\"fusion-column-wrapper fusion-column-has-shadow fusion-flex-justify-content-flex-end fusion-content-layout-column\"><div class=\"fusion-text fusion-text-1\" style=\"--awb-font-size:40px;--awb-text-color:#ffffff;--awb-text-font-family:&quot;Montserrat&quot;;--awb-text-font-style:normal;--awb-text-font-weight:600;\"><p><span style=\"font-weight: 400;\">Impressum<\/span><\/p>\n<\/div><\/div><\/div><\/div><\/div><div class=\"fusion-fullwidth fullwidth-box fusion-builder-row-2 hundred-percent-fullwidth non-hundred-percent-height-scrolling\" style=\"--awb-border-radius-top-left:0px;--awb-border-radius-top-right:0px;--awb-border-radius-bottom-right:0px;--awb-border-radius-bottom-left:0px;--awb-padding-top:30px;--awb-padding-right:10%;--awb-padding-bottom:30px;--awb-padding-left:10%;--awb-margin-top:0px;--awb-margin-bottom:0px;--awb-flex-wrap:wrap;\" id=\"page-content\" ><div class=\"fusion-builder-row fusion-row\"><div class=\"fusion-layout-column fusion_builder_column fusion-builder-column-1 fusion_builder_column_1_2 1_2 fusion-one-half fusion-column-first\" style=\"--awb-padding-right:30px;--awb-padding-left:30px;--awb-bg-size:cover;width:50%;width:calc(50% - ( ( 4% ) * 0.5 ) );margin-right: 4%;\"><div class=\"fusion-column-wrapper fusion-column-has-shadow fusion-flex-column-wrapper-legacy\"><div class=\"fusion-text fusion-text-2\"><p><b><span style=\"color: #0000ff;\">Unternehmen:<\/span><br \/>\n<\/b>Wavecom Solu\u00e7\u00f5es R\u00e1dio SA<br \/>\n<span style=\"font-weight: 400;\">Rua das Cardadeiras n\u00ba 107, Esgueira<br \/>\n<\/span><span style=\"font-weight: 400;\">3800-125 Aveiro<br \/>\n<\/span><span style=\"font-weight: 400;\">Portugal<\/span><\/p>\n<p><span style=\"font-weight: 400;\">Tel. +351 234 919 190<\/span><span style=\"font-weight: 400;\"><br \/>\n<\/span><span style=\"font-weight: 400;\">E-Mail: <\/span><span style=\"font-weight: 400;\">wavecom@wavecom.pt<\/span><\/p>\n<p><span style=\"color: #0000ff;\"><b>CEO:<\/b><\/span><b><br \/>\n<\/b><span style=\"font-weight: 400;\">Jos\u00e9 Ferreira<\/span><span style=\"font-weight: 400;\"><br \/>\n<\/span><span style=\"font-weight: 400;\">M\u00e1rio Rui Santos<\/span><span style=\"font-weight: 400;\"><br \/>\n<\/span><span style=\"font-weight: 400;\">Nuno Marques<\/span><\/p>\n<p><span style=\"color: #0000ff;\"><b>Handelsregister:<\/b><\/span><b><br \/>\n<\/b><span style=\"font-weight: 400;\">PT 504 813 480<\/span><\/p>\n<p><span style=\"color: #0000ff;\"><b>UMSATZSTEUER-ID:<\/b><\/span><b><br \/>\n<\/b><span style=\"font-weight: 400;\">PT 504 813 480<\/span><\/p>\n<p><span style=\"font-weight: 400;\">Wavecom Technologies ist eine Marke im Besitz von<br \/>\nWavecom Solu\u00e7\u00f5es R\u00e1dio SA<\/span><\/p>\n<\/div><div class=\"fusion-sep-clear\"><\/div><div class=\"fusion-separator fusion-full-width-sep\" style=\"margin-left: auto;margin-right: auto;margin-top:30px;margin-bottom:30px;width:100%;\"><\/div><div class=\"fusion-sep-clear\"><\/div><div class=\"fusion-clearfix\"><\/div><\/div><\/div><div class=\"fusion-layout-column fusion_builder_column fusion-builder-column-2 fusion_builder_column_1_2 1_2 fusion-one-half fusion-column-last\" style=\"--awb-padding-right:30px;--awb-padding-left:30px;--awb-bg-size:cover;width:50%;width:calc(50% - ( ( 4% ) * 0.5 ) );\"><div class=\"fusion-column-wrapper fusion-column-has-shadow fusion-flex-column-wrapper-legacy\"><div class=\"fusion-text fusion-text-3\"><p><b><span style=\"color: #0000ff;\">Unternehmen:<br \/>\n<\/span><\/b><b><\/b><span style=\"font-weight: 400;\">Wavecom GmbH<\/span><span style=\"font-weight: 400;\"><br \/>\n<\/span><span style=\"font-weight: 400;\">Freisinger Stra\u00dfe 17<\/span><span style=\"font-weight: 400;\"><br \/>\n<\/span><span style=\"font-weight: 400;\">85737 Ismaning<\/span><span style=\"font-weight: 400;\"><br \/>\n<\/span><span style=\"font-weight: 400;\">Deutschland<\/span><\/p>\n<p><span style=\"font-weight: 400;\">Tel. +49 89248831270<\/span><span style=\"font-weight: 400;\"><br \/>\n<\/span><span style=\"font-weight: 400;\">E-Mail: <\/span><span style=\"font-weight: 400;\">sales@wavecom.com<\/span><\/p>\n<p><span style=\"color: #0000ff;\"><b>CEO:<\/b><\/span><b><br \/>\n<\/b><span style=\"font-weight: 400;\">Karsten Micke<\/span><\/p>\n<p><span style=\"color: #0000ff;\"><b>Handelsregister:<\/b><\/span><b><br \/>\n<\/b><span style=\"font-weight: 400;\">HRB 298789 Amtsgericht M\u00fcnchen<\/span><\/p>\n<p><span style=\"color: #0000ff;\"><b>UMSATZSTEUER-ID:<\/b><\/span><b><br \/>\n<\/b><span style=\"font-weight: 400;\">DE 451970186<\/span><\/p>\n<p><span style=\"color: #0000ff;\"><b>Website Management Verantwortlich<br \/>\n<\/b><\/span><span style=\"font-weight: 400;\">F\u00fcr Anfragen bez\u00fcglich der Website wenden Sie sich bitte an: marketing@wavecom.com<\/span><span style=\"font-weight: 400;\"><br \/>\n<\/span><span style=\"font-weight: 400;\">Angaben, Ma\u00dfe, Gewichte und Abbildungen in Brosch\u00fcren, Datenb\u00fcchern oder Katalogen sind nach bestem Wissen und Gewissen gemacht. Angaben in Unterlagen sind nur dann verbindlich, wenn sie ausdr\u00fccklich als solche bezeichnet werden. <\/span><\/p>\n<\/div><div class=\"fusion-sep-clear\"><\/div><div class=\"fusion-separator fusion-full-width-sep\" style=\"margin-left: auto;margin-right: auto;margin-top:30px;margin-bottom:30px;width:100%;\"><\/div><div class=\"fusion-sep-clear\"><\/div><div class=\"fusion-clearfix\"><\/div><\/div><\/div><\/div><\/div><div id=\"datenblatt\" class=\"fusion-container-anchor\"><div class=\"fusion-fullwidth fullwidth-box fusion-builder-row-3 fusion-flex-container has-pattern-background has-mask-background nonhundred-percent-fullwidth non-hundred-percent-height-scrolling\" style=\"--awb-border-radius-top-left:0px;--awb-border-radius-top-right:0px;--awb-border-radius-bottom-right:0px;--awb-border-radius-bottom-left:0px;--awb-padding-top:4%;--awb-padding-right:14%;--awb-padding-bottom:4%;--awb-padding-left:14%;--awb-background-color:#f2f2f2;--awb-flex-wrap:wrap;\" ><div class=\"fusion-builder-row fusion-row fusion-flex-align-items-flex-start fusion-flex-content-wrap\" style=\"max-width:1248px;margin-left: calc(-4% \/ 2 );margin-right: calc(-4% \/ 2 );\"><div class=\"fusion-layout-column fusion_builder_column fusion-builder-column-3 fusion_builder_column_2_5 2_5 fusion-flex-column fusion-no-large-visibility fusion-animated\" style=\"--awb-bg-blend:overlay;--awb-bg-size:cover;--awb-width-large:40%;--awb-margin-top-large:30px;--awb-spacing-right-large:12%;--awb-margin-bottom-large:30px;--awb-spacing-left-large:24%;--awb-width-medium:100%;--awb-spacing-right-medium:4.8%;--awb-spacing-left-medium:9.6%;--awb-width-small:100%;--awb-spacing-right-small:1.92%;--awb-spacing-left-small:1.92%;\" data-animationType=\"fadeInLeft\" data-animationDuration=\"0.8\" data-animationOffset=\"top-into-view\"><div class=\"fusion-column-wrapper fusion-flex-justify-content-flex-start fusion-content-layout-row\"><div class=\"fusion-text fusion-text-4\" style=\"--awb-font-size:24px;--awb-line-height:1.6em;--awb-letter-spacing:-0.5px;--awb-text-transform:none;\"><h4 class=\"fusion-responsive-typography-calculated\" style=\"font-size: 26px; margin-top: 0px; line-height: 1.23; letter-spacing: -1px; font-family: Montserrat; font-weight: bold; color: #3339ff; --fontsize: 26; --minfontsize: 26;\" data-fusion-font=\"true\" data-fusion-google-font=\"Montserrat\" data-fusion-google-variant=\"700\" data-fontsize=\"26\" data-lineheight=\"31.98px\">Vielen Dank, dass Sie sich die Zeit genommen haben, uns kennenzulernen!<\/h4>\n<h4 class=\"fusion-responsive-typography-calculated\" style=\"font-size: 26px; line-height: 1.23; letter-spacing: -1px; font-family: Montserrat; font-weight: bold; color: #3339ff; --fontsize: 26; --minfontsize: 26;\" data-fusion-font=\"true\" data-fusion-google-font=\"Montserrat\" data-fusion-google-variant=\"700\" data-fontsize=\"26\" data-lineheight=\"31.98px\">Jetzt ist es an der Zeit, Ihnen zu helfen.<\/h4>\n<\/div><div class=\"fusion-separator fusion-full-width-sep\" style=\"align-self: center;margin-left: auto;margin-right: auto;margin-top:10px;width:100%;\"><\/div><\/div><\/div><div class=\"fusion-layout-column fusion_builder_column fusion-builder-column-4 fusion_builder_column_2_5 2_5 fusion-flex-column fusion-no-small-visibility fusion-no-medium-visibility fusion-animated\" style=\"--awb-bg-blend:overlay;--awb-bg-size:cover;--awb-width-large:40%;--awb-margin-top-large:30px;--awb-spacing-right-large:12%;--awb-margin-bottom-large:30px;--awb-spacing-left-large:24%;--awb-width-medium:100%;--awb-spacing-right-medium:4.8%;--awb-spacing-left-medium:9.6%;--awb-width-small:100%;--awb-spacing-right-small:1.92%;--awb-spacing-left-small:1.92%;\" data-animationType=\"fadeInLeft\" data-animationDuration=\"0.8\" data-animationOffset=\"top-into-view\"><div class=\"fusion-column-wrapper fusion-flex-justify-content-flex-start fusion-content-layout-row\"><div class=\"fusion-text fusion-text-5\" style=\"--awb-font-size:24px;--awb-line-height:1.6em;--awb-letter-spacing:-0.5px;\"><h4 class=\"fusion-responsive-typography-calculated\" style=\"font-size: 26px; margin-top: 0px; line-height: 1.23; letter-spacing: -1px; font-family: Montserrat; font-weight: bold; color: #3339ff; --fontsize: 26; --minfontsize: 26;\" data-fusion-font=\"true\" data-fusion-google-font=\"Montserrat\" data-fusion-google-variant=\"700\" data-fontsize=\"26\" data-lineheight=\"31.98px\">Vielen Dank f\u00fcr<br \/>\nIhre Zeit<br \/>\nuns kennenzulernen!<\/h4>\n<h4 class=\"fusion-responsive-typography-calculated\" style=\"font-size: 26px; line-height: 1.23; letter-spacing: -1px; font-family: Montserrat; font-weight: bold; color: #3339ff; --fontsize: 26; --minfontsize: 26;\" data-fusion-font=\"true\" data-fusion-google-font=\"Montserrat\" data-fusion-google-variant=\"700\" data-fontsize=\"26\" data-lineheight=\"31.98px\">Jetzt ist es an der Zeit<br \/>\n, Ihnen zu helfen.<\/h4>\n<\/div><div class=\"fusion-separator fusion-full-width-sep\" style=\"align-self: center;margin-left: auto;margin-right: auto;margin-top:10px;width:100%;\"><\/div><\/div><\/div><div class=\"fusion-layout-column fusion_builder_column fusion-builder-column-5 fusion_builder_column_1_2 1_2 fusion-flex-column\" style=\"--awb-bg-blend:overlay;--awb-bg-size:cover;--awb-width-large:50%;--awb-margin-top-large:25px;--awb-spacing-right-large:7.68%;--awb-margin-bottom-large:25px;--awb-spacing-left-large:0%;--awb-width-medium:100%;--awb-spacing-right-medium:1.92%;--awb-spacing-left-medium:1.92%;--awb-width-small:100%;--awb-spacing-right-small:1.92%;--awb-spacing-left-small:1.92%;\"><div class=\"fusion-column-wrapper fusion-flex-justify-content-flex-start fusion-content-layout-column\">\n<div class=\"wpcf7 no-js\" id=\"wpcf7-f10797-o1\" lang=\"de-DE\" dir=\"ltr\" data-wpcf7-id=\"10797\">\n<div class=\"screen-reader-response\"><p role=\"status\" aria-live=\"polite\" aria-atomic=\"true\"><\/p> <ul><\/ul><\/div>\n<form action=\"\/de\/wp-json\/wp\/v2\/pages\/11241#wpcf7-f10797-o1\" method=\"post\" class=\"wpcf7-form init 60c7e6e84357 cmatic-conn cmatic-aud-341 cmatic-mapd0-0 cmatic-v097802 cmatic-sent-0 cmatic-total-94\" aria-label=\"Kontaktformular\" novalidate=\"novalidate\" data-status=\"init\">\n<fieldset class=\"hidden-fields-container\"><input type=\"hidden\" name=\"_wpcf7\" value=\"10797\" \/><input type=\"hidden\" name=\"_wpcf7_version\" value=\"6.1.4\" \/><input type=\"hidden\" name=\"_wpcf7_locale\" value=\"de_DE\" \/><input type=\"hidden\" name=\"_wpcf7_unit_tag\" value=\"wpcf7-f10797-o1\" \/><input type=\"hidden\" name=\"_wpcf7_container_post\" value=\"0\" \/><input type=\"hidden\" name=\"_wpcf7_posted_data_hash\" value=\"\" \/><input type=\"hidden\" name=\"_wpcf7dtx_version\" value=\"5.0.5\" \/><input type=\"hidden\" name=\"_wpcf7_recaptcha_response\" value=\"\" \/>\n<\/fieldset>\n<span class=\"wpcf7-form-control-wrap dynamichidden-332\" data-name=\"dynamichidden-332\"><input type=\"hidden\" name=\"dynamichidden-332\" class=\"wpcf7-form-control wpcf7-hidden wpcf7dtx wpcf7dtx-hidden\" aria-invalid=\"false\"><\/span>\n<p><span class=\"wpcf7-form-control-wrap\" data-name=\"ihr-name\"><input size=\"40\" maxlength=\"400\" class=\"wpcf7-form-control wpcf7-text wpcf7-validates-as-required formlinha\" aria-required=\"true\" aria-invalid=\"false\" value=\"Name*\" type=\"text\" name=\"ihr-name\" \/><\/span><br \/>\n<span class=\"wpcf7-form-control-wrap\" data-name=\"your-phone\"><input size=\"40\" maxlength=\"400\" class=\"wpcf7-form-control wpcf7-text formlinha\" aria-invalid=\"false\" placeholder=\"Gesch\u00e4ftliche Telefonnummer\" value=\"\" type=\"text\" name=\"your-phone\" \/><\/span><br \/>\n<span class=\"wpcf7-form-control-wrap\" data-name=\"wemail\"><input size=\"40\" maxlength=\"400\" class=\"wpcf7-form-control wpcf7-email wpcf7-validates-as-required wpcf7-text wpcf7-validates-as-email\" aria-required=\"true\" aria-invalid=\"false\" value=\"Gesch\u00e4ftliche E-Mail*\" type=\"email\" name=\"wemail\" \/><\/span><span class=\"wpcf7-form-control-wrap\" data-name=\"looking-for\"><select class=\"wpcf7-form-control wpcf7-select wpcf7-validates-as-required\" aria-required=\"true\" aria-invalid=\"false\" name=\"looking-for\"><option value=\"\">Ich suche nach...<\/option><option value=\"Produktdemonstration\">Produktdemonstration<\/option><option value=\"Verkaufs- und Produktinformationen\">Verkaufs- und Produktinformationen<\/option><option value=\"Besuchstermin\">Besuchstermin<\/option><option value=\"Support\">Support<\/option><option value=\"Schulung\">Schulung<\/option><option value=\"Sonstiges\">Sonstiges<\/option><\/select><\/span>\n<\/p>\n<p><span> W\u00e4hlen Sie ein oder mehrere Produkte von Interesse *<br \/>\n<span class=\"wpcf7-form-control-wrap\" data-name=\"produtcts\"><span class=\"wpcf7-form-control wpcf7-checkbox wpcf7-validates-as-required\"><span class=\"wpcf7-list-item first\"><label><input type=\"checkbox\" name=\"produtcts[]\" value=\"Connected BUS\" \/><span class=\"wpcf7-list-item-label\">Connected BUS<\/span><\/label><\/span><span class=\"wpcf7-list-item\"><label><input type=\"checkbox\" name=\"produtcts[]\" value=\"Connected Rail\" \/><span class=\"wpcf7-list-item-label\">Connected Rail<\/span><\/label><\/span><span class=\"wpcf7-list-item last\"><label><input type=\"checkbox\" name=\"produtcts[]\" value=\"IoT and Smart Cities\" \/><span class=\"wpcf7-list-item-label\">IoT and Smart Cities<\/span><\/label><\/span><\/span><\/span><\/span>\n<\/p>\n<p><span class=\"wpcf7-form-control-wrap\" data-name=\"message\"><textarea cols=\"40\" rows=\"10\" maxlength=\"2000\" class=\"wpcf7-form-control wpcf7-textarea\" aria-invalid=\"false\" placeholder=\"Wie k\u00f6nnen wir helfen?\" name=\"message\"><\/textarea><\/span><br \/>\n<span class=\"wpcf7-form-control-wrap\" data-name=\"acceptance-314\"><span class=\"wpcf7-form-control wpcf7-acceptance\"><span class=\"wpcf7-list-item\"><label><input type=\"checkbox\" name=\"acceptance-314\" value=\"1\" aria-invalid=\"false\" \/><span class=\"wpcf7-list-item-label\">Mit Ihrer Registrierung best\u00e4tigen Sie, dass Sie mit der Speicherung und Verarbeitung Ihrer Daten durch Wavecom Technologies, wie in der <a href=\"https:\/\/wavecom.com\/personal-data-protection-policy\/\" target=\"_blank\" style=\"color:#161616\">Datenschutzerkl\u00e4rung<\/a> beschrieben, einverstanden sind und dass Sie zu kommerziellen Zwecken kontaktiert werden und Mitteilungen \u00fcber Produkte, Dienstleistungen und Veranstaltungen von Wavecom Technologies erhalten m\u00f6chten.<\/span><\/label><\/span><\/span><\/span><br \/>\n<input class=\"wpcf7-form-control wpcf7-submit has-spinner\" type=\"submit\" value=\"Kontaktieren Sie jetzt!\" \/>\n<\/p><div class=\"fusion-alert alert custom alert-custom fusion-alert-center wpcf7-response-output fusion-alert-capitalize awb-alert-native-link-color alert-dismissable awb-alert-close-boxed\" style=\"--awb-border-size:1px;--awb-border-top-left-radius:0px;--awb-border-top-right-radius:0px;--awb-border-bottom-left-radius:0px;--awb-border-bottom-right-radius:0px;\" role=\"alert\"><div class=\"fusion-alert-content-wrapper\"><span class=\"fusion-alert-content\"><\/span><\/div><button type=\"button\" class=\"close toggle-alert\" data-dismiss=\"alert\" aria-label=\"Close\">&times;<\/button><\/div>\n<\/form>\n<\/div>\n<\/div><\/div><\/div><\/div><\/div><div class=\"fusion-fullwidth fullwidth-box fusion-builder-row-4 fusion-flex-container hundred-percent-fullwidth non-hundred-percent-height-scrolling\" style=\"--awb-border-radius-top-left:0px;--awb-border-radius-top-right:0px;--awb-border-radius-bottom-right:0px;--awb-border-radius-bottom-left:0px;--awb-padding-top:0px;--awb-padding-right:0px;--awb-padding-bottom:0px;--awb-padding-left:0px;--awb-margin-top:0px;--awb-margin-bottom:0px;--awb-flex-wrap:wrap;\" ><div class=\"fusion-builder-row fusion-row fusion-flex-align-items-flex-start fusion-flex-content-wrap\" style=\"width:104% !important;max-width:104% !important;margin-left: calc(-4% \/ 2 );margin-right: calc(-4% \/ 2 );\"><div class=\"fusion-layout-column fusion_builder_column fusion-builder-column-6 fusion_builder_column_1_1 1_1 fusion-flex-column\" style=\"--awb-padding-top:0px;--awb-padding-right:0px;--awb-padding-bottom:0px;--awb-padding-left:0px;--awb-bg-size:cover;--awb-width-large:100%;--awb-margin-top-large:0px;--awb-spacing-right-large:1.92%;--awb-margin-bottom-large:0px;--awb-spacing-left-large:1.92%;--awb-width-medium:100%;--awb-spacing-right-medium:1.92%;--awb-spacing-left-medium:1.92%;--awb-width-small:100%;--awb-spacing-right-small:1.92%;--awb-spacing-left-small:1.92%;\"><div class=\"fusion-column-wrapper fusion-column-has-shadow fusion-flex-justify-content-flex-start fusion-content-layout-column\"><script>(function() {\n\tfunction filterApply(target) {<\/p>\n<p>\t\tfunction solution_checker (target) {\n\t\t\tvalue = jQuery(\"#solutions\").val().toLowerCase();\n\t\t\tif(value != \"\") {\n\t\t\t\tif(jQuery(target).hasClass(value)) {\n\t\t\t\t\treturn true;\n\t\t\t\t} else {\n\t\t\t\t\treturn false;\n\t\t\t\t}\n\t\t\t} else {\n\t\t\t\treturn true;\n\t\t\t}\n\t\t}<\/p>\n<p>\t\t}<\/p>\n<p>\t\tif(solution_checker(target)) {\n\t\t\tjQuery(target).removeClass(\"d-none\");\n\t\t\tjQuery(target).addClass(\"d-block\");\n\t\t} else {\n\t\t\tjQuery(target).removeClass(\"d-block\");\n\t\t\tjQuery(target).addClass(\"d-none\");\n\t\t}\n    }<\/p>\n<p>    if (window.location.hash) {\n        var hash = window.location.hash.replace('#', '');\n        if(jQuery(\"#solutions\").val(hash)) {\n            jQuery(\"#solutions\").val(hash);<\/p>\n<p>            jQuery(\".case-block\").each(function (i, obj) {\n                filterApply(obj);\n            });<\/p>\n<p>        }        \n    }<\/p>\n<p>\tjQuery(\"#search-cases\").on(\"change keyup paste\", (e) => {\n\t\tjQuery(\".case-block\").each(function(i, obj) {\n\t\t\tfilterApply(obj);\n\t\t});\n\t});<\/p>\n<p>\tjQuery(\"#solutions\").on(\"change keyup paste\", (e) => {\n\t\tjQuery(\".case-block\").each(function(i, obj) {\n\t\t\tfilterApply(obj);\n\t\t});\n\t});<\/p>\n<p>\tjQuery(\"#sector\").on(\"change keyup paste\", (e) => {\n\t\tjQuery(\".case-block\").each(function(i, obj) {\n\t\t\tfilterApply(obj);\n\t\t});\n\t});\n})();<\/p>\n<p><\/script><\/div><\/div><\/div><\/div><\/p>\n","protected":false},"excerpt":{"rendered":"","protected":false},"author":2,"featured_media":10719,"parent":0,"menu_order":0,"comment_status":"closed","ping_status":"closed","template":"100-width.php","meta":{"inline_featured_image":false,"footnotes":""},"class_list":["post-11241","page","type-page","status-publish","has-post-thumbnail","hentry"],"_links":{"self":[{"href":"https:\/\/wavecom.com\/de\/wp-json\/wp\/v2\/pages\/11241","targetHints":{"allow":["GET"]}}],"collection":[{"href":"https:\/\/wavecom.com\/de\/wp-json\/wp\/v2\/pages"}],"about":[{"href":"https:\/\/wavecom.com\/de\/wp-json\/wp\/v2\/types\/page"}],"author":[{"embeddable":true,"href":"https:\/\/wavecom.com\/de\/wp-json\/wp\/v2\/users\/2"}],"replies":[{"embeddable":true,"href":"https:\/\/wavecom.com\/de\/wp-json\/wp\/v2\/comments?post=11241"}],"version-history":[{"count":2,"href":"https:\/\/wavecom.com\/de\/wp-json\/wp\/v2\/pages\/11241\/revisions"}],"predecessor-version":[{"id":11243,"href":"https:\/\/wavecom.com\/de\/wp-json\/wp\/v2\/pages\/11241\/revisions\/11243"}],"wp:featuredmedia":[{"embeddable":true,"href":"https:\/\/wavecom.com\/de\/wp-json\/wp\/v2\/media\/10719"}],"wp:attachment":[{"href":"https:\/\/wavecom.com\/de\/wp-json\/wp\/v2\/media?parent=11241"}],"curies":[{"name":"wp","href":"https:\/\/api.w.org\/{rel}","templated":true}]}}