{"id":10709,"date":"2020-12-08T19:41:59","date_gmt":"2020-12-08T19:41:59","guid":{"rendered":"https:\/\/wavecom.com\/cookies-richtlinie\/"},"modified":"2025-06-13T14:37:40","modified_gmt":"2025-06-13T13:37:40","slug":"cookies-richtlinie","status":"publish","type":"page","link":"https:\/\/wavecom.com\/de\/cookies-richtlinie\/","title":{"rendered":"Cookies-Richtlinie"},"content":{"rendered":"<div class=\"fusion-fullwidth fullwidth-box fusion-builder-row-1 fusion-flex-container nonhundred-percent-fullwidth non-hundred-percent-height-scrolling\" style=\"--awb-border-radius-top-left:0px;--awb-border-radius-top-right:0px;--awb-border-radius-bottom-right:0px;--awb-border-radius-bottom-left:0px;--awb-flex-wrap:wrap;\" ><div class=\"fusion-builder-row fusion-row fusion-flex-align-items-flex-start fusion-flex-content-wrap\" style=\"max-width:calc( 1200px + 0px );margin-left: calc(-0px \/ 2 );margin-right: calc(-0px \/ 2 );\"><div class=\"fusion-layout-column fusion_builder_column fusion-builder-column-0 fusion_builder_column_1_1 1_1 fusion-flex-column\" style=\"--awb-bg-size:cover;--awb-width-large:100%;--awb-margin-top-large:35px;--awb-spacing-right-large:0px;--awb-margin-bottom-large:0px;--awb-spacing-left-large:0px;--awb-width-medium:100%;--awb-spacing-right-medium:0px;--awb-spacing-left-medium:0px;--awb-width-small:100%;--awb-spacing-right-small:0px;--awb-spacing-left-small:0px;\"><div class=\"fusion-column-wrapper fusion-flex-justify-content-flex-start fusion-content-layout-column\"><div class=\"accordian fusion-accordian\" style=\"--awb-border-size:1px;--awb-icon-size:13px;--awb-content-font-size:18px;--awb-icon-alignment:left;--awb-hover-color:#f9f9f9;--awb-border-color:#ecefef;--awb-background-color:#ffffff;--awb-divider-color:#e0dede;--awb-divider-hover-color:#e0dede;--awb-icon-color:#ffffff;--awb-title-color:#333333;--awb-content-color:#747474;--awb-icon-box-color:#333333;--awb-toggle-hover-accent-color:#ffffff;--awb-title-font-family:&quot;Montserrat&quot;;--awb-title-font-weight:600;--awb-title-font-style:normal;--awb-title-font-size:18px;--awb-content-font-family:&quot;Montserrat&quot;;--awb-content-font-style:normal;--awb-content-font-weight:400;\"><div class=\"panel-group fusion-toggle-icon-boxed\" id=\"accordion-10709-1\"><div class=\"fusion-panel panel-default panel-2f0a9dbe7a024ca31 fusion-toggle-has-divider\"><div class=\"panel-heading\"><h4 class=\"panel-title toggle\" id=\"toggle_2f0a9dbe7a024ca31\"><a aria-expanded=\"false\" aria-controls=\"2f0a9dbe7a024ca31\" role=\"button\" data-toggle=\"collapse\" data-parent=\"#accordion-10709-1\" data-target=\"#2f0a9dbe7a024ca31\" href=\"#2f0a9dbe7a024ca31\"><span class=\"fusion-toggle-icon-wrapper\" aria-hidden=\"true\"><i class=\"fa-fusion-box active-icon awb-icon-minus\" aria-hidden=\"true\"><\/i><i class=\"fa-fusion-box inactive-icon awb-icon-plus\" aria-hidden=\"true\"><\/i><\/span><span class=\"fusion-toggle-heading\">Was sind Cookies?<\/span><\/a><\/h4><\/div><div id=\"2f0a9dbe7a024ca31\" class=\"panel-collapse collapse \" aria-labelledby=\"toggle_2f0a9dbe7a024ca31\"><div class=\"panel-body toggle-content fusion-clearfix\">\r\n<p>\u201eCookies\u201c sind kleine Software-Tags, die \u00fcber den Browser auf Ihrem Computer gespeichert werden und nur die Informationen \u00fcber Ihre Pr\u00e4ferenzen speichern, also keine pers\u00f6nlichen Daten enthalten.<\/p>\r\n<\/div><\/div><\/div><div class=\"fusion-panel panel-default panel-99400e06ef52e5812 fusion-toggle-has-divider\"><div class=\"panel-heading\"><h4 class=\"panel-title toggle\" id=\"toggle_99400e06ef52e5812\"><a aria-expanded=\"false\" aria-controls=\"99400e06ef52e5812\" role=\"button\" data-toggle=\"collapse\" data-parent=\"#accordion-10709-1\" data-target=\"#99400e06ef52e5812\" href=\"#99400e06ef52e5812\"><span class=\"fusion-toggle-icon-wrapper\" aria-hidden=\"true\"><i class=\"fa-fusion-box active-icon awb-icon-minus\" aria-hidden=\"true\"><\/i><i class=\"fa-fusion-box inactive-icon awb-icon-plus\" aria-hidden=\"true\"><\/i><\/span><span class=\"fusion-toggle-heading\">Wof\u00fcr werden Cookies verwendet?<\/span><\/a><\/h4><\/div><div id=\"99400e06ef52e5812\" class=\"panel-collapse collapse \" aria-labelledby=\"toggle_99400e06ef52e5812\"><div class=\"panel-body toggle-content fusion-clearfix\">\r\n<p>Cookies werden verwendet, um die N\u00fctzlichkeit, das Interesse und die H\u00e4ufigkeit der Nutzung von Websites zu ermitteln, was ein schnelleres und effizienteres Surfen erm\u00f6glicht und die wiederholte Eingabe der gleichen Informationen \u00fcberfl\u00fcssig macht.<\/p>\r\n<\/div><\/div><\/div><div class=\"fusion-panel panel-default panel-a0258c45d564309e1 fusion-toggle-has-divider\"><div class=\"panel-heading\"><h4 class=\"panel-title toggle\" id=\"toggle_a0258c45d564309e1\"><a aria-expanded=\"false\" aria-controls=\"a0258c45d564309e1\" role=\"button\" data-toggle=\"collapse\" data-parent=\"#accordion-10709-1\" data-target=\"#a0258c45d564309e1\" href=\"#a0258c45d564309e1\"><span class=\"fusion-toggle-icon-wrapper\" aria-hidden=\"true\"><i class=\"fa-fusion-box active-icon awb-icon-minus\" aria-hidden=\"true\"><\/i><i class=\"fa-fusion-box inactive-icon awb-icon-plus\" aria-hidden=\"true\"><\/i><\/span><span class=\"fusion-toggle-heading\">Welche Arten von Cookies gibt es?<\/span><\/a><\/h4><\/div><div id=\"a0258c45d564309e1\" class=\"panel-collapse collapse \" aria-labelledby=\"toggle_a0258c45d564309e1\"><div class=\"panel-body toggle-content fusion-clearfix\">\r\n<p>Es gibt zwei Arten von Cookies:<\/p>\r\n<p><b>Permanente Cookies<\/b> &#8211; das sind Cookies, die auf der Browser-Ebene Ihres Zugangsger\u00e4ts (PC, Handy und Tablet) gespeichert bleiben und immer dann verwendet werden, wenn Sie eine unserer Websites besuchen. Insgesamt dienen sie dazu, das Surfen auf die Interessen des Benutzers auszurichten, so dass wir einen individuelleren Service anbieten k\u00f6nnen. <\/p>\r\n<p><b>Session Cookies<\/b> &#8211; das sind tempor\u00e4re Cookies, die im Cookie-Archiv Ihres Browsers verbleiben, bis Sie die Website verlassen. Die von diesen Cookies erhaltenen Informationen werden verwendet, um die Muster des Webverkehrs zu analysieren, so dass wir Probleme erkennen und ein besseres Surferlebnis bieten k\u00f6nnen. <\/p>\r\n<\/div><\/div><\/div><div class=\"fusion-panel panel-default panel-9546401daa612ac25 fusion-toggle-has-divider\"><div class=\"panel-heading\"><h4 class=\"panel-title toggle\" id=\"toggle_9546401daa612ac25\"><a aria-expanded=\"false\" aria-controls=\"9546401daa612ac25\" role=\"button\" data-toggle=\"collapse\" data-parent=\"#accordion-10709-1\" data-target=\"#9546401daa612ac25\" href=\"#9546401daa612ac25\"><span class=\"fusion-toggle-icon-wrapper\" aria-hidden=\"true\"><i class=\"fa-fusion-box active-icon awb-icon-minus\" aria-hidden=\"true\"><\/i><i class=\"fa-fusion-box inactive-icon awb-icon-plus\" aria-hidden=\"true\"><\/i><\/span><span class=\"fusion-toggle-heading\">Zu welchem Zweck verwenden wir Cookies?<\/span><\/a><\/h4><\/div><div id=\"9546401daa612ac25\" class=\"panel-collapse collapse \" aria-labelledby=\"toggle_9546401daa612ac25\"><div class=\"panel-body toggle-content fusion-clearfix\">\r\n<p><strong>Streng notwendige Cookies<\/strong><\/p>\r\n<p>Sie erm\u00f6glichen Ihnen das Surfen auf der Website und die Nutzung ihrer Anwendungen sowie den Zugriff auf die sicheren Bereiche der Website. Ohne diese Cookies k\u00f6nnen die von Ihnen gew\u00fcnschten Dienste nicht bereitgestellt werden. <\/p>\r\n<p><b>Analytische Cookies<\/b><\/p>\r\n<p>Sie werden anonym f\u00fcr die Erstellung und Analyse von Statistiken verwendet, um den Betrieb der Website zu verbessern.<\/p>\r\n<p><b>Funktionalit\u00e4t Cookies<\/b><\/p>\r\n<p>Sie speichern die Pr\u00e4ferenzen des Benutzers in Bezug auf die Nutzung der Website, so dass Sie die Website nicht jedes Mal neu einrichten m\u00fcssen, wenn Sie sie besuchen.<\/p>\r\n<p><b>Cookies von Dritten<\/b><\/p>\r\n<p>Diese messen den Erfolg von Anwendungen und die Effizienz der Werbung von Dritten. Sie k\u00f6nnen auch verwendet werden, um ein Widget mit den Daten der Benutzer anzupassen. <\/p>\r\n<p><b>Werbung Cookies<\/b><\/p>\r\n<p>Sie richten die Werbung nach den Interessen jedes Nutzers aus, um die Werbekampagnen nach dem Geschmack der Nutzer zu lenken, und sie begrenzen die Zeiten, in denen Sie die Werbung sehen, und helfen so, die Effizienz der Werbung und den Erfolg der Website-Organisation zu messen.<\/p>\r\n<\/div><\/div><\/div><div class=\"fusion-panel panel-default panel-fc1cc2ffe400b35cc fusion-toggle-has-divider\"><div class=\"panel-heading\"><h4 class=\"panel-title toggle\" id=\"toggle_fc1cc2ffe400b35cc\"><a aria-expanded=\"false\" aria-controls=\"fc1cc2ffe400b35cc\" role=\"button\" data-toggle=\"collapse\" data-parent=\"#accordion-10709-1\" data-target=\"#fc1cc2ffe400b35cc\" href=\"#fc1cc2ffe400b35cc\"><span class=\"fusion-toggle-icon-wrapper\" aria-hidden=\"true\"><i class=\"fa-fusion-box active-icon awb-icon-minus\" aria-hidden=\"true\"><\/i><i class=\"fa-fusion-box inactive-icon awb-icon-plus\" aria-hidden=\"true\"><\/i><\/span><span class=\"fusion-toggle-heading\">Wie k\u00f6nnen Sie die Cookies verwalten?<\/span><\/a><\/h4><\/div><div id=\"fc1cc2ffe400b35cc\" class=\"panel-collapse collapse \" aria-labelledby=\"toggle_fc1cc2ffe400b35cc\"><div class=\"panel-body toggle-content fusion-clearfix\">\r\n<p>Alle Browser erm\u00f6glichen es dem Benutzer, Cookies zu akzeptieren, abzulehnen oder zu l\u00f6schen, und zwar durch die Auswahl der entsprechenden Definitionen im jeweiligen Browser. Sie k\u00f6nnen Cookies im Men\u00fc \u201eOptionen\u201c oder \u201eEinstellungen\u201c Ihres Browsers einrichten. <\/p>\r\n<p>Beachten Sie, dass Sie durch die Deaktivierung von Cookies den korrekten Betrieb einiger Webdienste verhindern und damit das Surfen auf der Website ganz oder teilweise beeintr\u00e4chtigen k\u00f6nnen.<\/p>\r\n<\/div><\/div><\/div><\/div><\/div><\/div><\/div><div class=\"fusion-layout-column fusion_builder_column fusion-builder-column-1 fusion_builder_column_1_1 1_1 fusion-flex-column\" style=\"--awb-bg-size:cover;--awb-width-large:100%;--awb-margin-top-large:50px;--awb-spacing-right-large:0px;--awb-margin-bottom-large:0px;--awb-spacing-left-large:0px;--awb-width-medium:100%;--awb-spacing-right-medium:0px;--awb-spacing-left-medium:0px;--awb-width-small:100%;--awb-spacing-right-small:0px;--awb-spacing-left-small:0px;\"><div class=\"fusion-column-wrapper fusion-flex-justify-content-flex-start fusion-content-layout-column\"><div class=\"fusion-text fusion-text-1\"><p>&nbsp;<\/p>\n<p><b>Weitere Informationen zu Cookies<\/b><\/p>\n<p>Klicken Sie <a href=\"http:\/\/www.allaboutcookies.org\/\" target=\"_blank\" rel=\"noopener noreferrer nofollow\">hier<\/a>, um mehr \u00fcber Cookies zu erfahren.<\/p>\n<p>&nbsp;<\/p>\n<p>&nbsp;<\/p>\n<\/div><\/div><\/div><\/div><\/div>","protected":false},"excerpt":{"rendered":"","protected":false},"author":2,"featured_media":0,"parent":0,"menu_order":0,"comment_status":"closed","ping_status":"open","template":"","meta":{"inline_featured_image":false,"footnotes":""},"class_list":["post-10709","page","type-page","status-publish","hentry"],"_links":{"self":[{"href":"https:\/\/wavecom.com\/de\/wp-json\/wp\/v2\/pages\/10709","targetHints":{"allow":["GET"]}}],"collection":[{"href":"https:\/\/wavecom.com\/de\/wp-json\/wp\/v2\/pages"}],"about":[{"href":"https:\/\/wavecom.com\/de\/wp-json\/wp\/v2\/types\/page"}],"author":[{"embeddable":true,"href":"https:\/\/wavecom.com\/de\/wp-json\/wp\/v2\/users\/2"}],"replies":[{"embeddable":true,"href":"https:\/\/wavecom.com\/de\/wp-json\/wp\/v2\/comments?post=10709"}],"version-history":[{"count":3,"href":"https:\/\/wavecom.com\/de\/wp-json\/wp\/v2\/pages\/10709\/revisions"}],"predecessor-version":[{"id":11013,"href":"https:\/\/wavecom.com\/de\/wp-json\/wp\/v2\/pages\/10709\/revisions\/11013"}],"wp:attachment":[{"href":"https:\/\/wavecom.com\/de\/wp-json\/wp\/v2\/media?parent=10709"}],"curies":[{"name":"wp","href":"https:\/\/api.w.org\/{rel}","templated":true}]}}