{"id":10708,"date":"2020-11-12T21:20:14","date_gmt":"2020-11-12T21:20:14","guid":{"rendered":"https:\/\/wavecom.com\/richtlinie-zum-schutz-persoenlicher-daten\/"},"modified":"2025-06-13T14:36:28","modified_gmt":"2025-06-13T13:36:28","slug":"richtlinie-zum-schutz-persoenlicher-daten","status":"publish","type":"page","link":"https:\/\/wavecom.com\/de\/richtlinie-zum-schutz-persoenlicher-daten\/","title":{"rendered":"Richtlinie zum Schutz pers\u00f6nlicher Daten"},"content":{"rendered":"<div class=\"fusion-fullwidth fullwidth-box fusion-builder-row-1 fusion-flex-container nonhundred-percent-fullwidth non-hundred-percent-height-scrolling\" style=\"--awb-border-radius-top-left:0px;--awb-border-radius-top-right:0px;--awb-border-radius-bottom-right:0px;--awb-border-radius-bottom-left:0px;--awb-flex-wrap:wrap;\" ><div class=\"fusion-builder-row fusion-row fusion-flex-align-items-flex-start fusion-flex-content-wrap\" style=\"max-width:calc( 1200px + 0px );margin-left: calc(-0px \/ 2 );margin-right: calc(-0px \/ 2 );\"><div class=\"fusion-layout-column fusion_builder_column fusion-builder-column-0 fusion_builder_column_1_1 1_1 fusion-flex-column\" style=\"--awb-bg-size:cover;--awb-width-large:100%;--awb-margin-top-large:0px;--awb-spacing-right-large:0px;--awb-margin-bottom-large:0px;--awb-spacing-left-large:0px;--awb-width-medium:100%;--awb-spacing-right-medium:0px;--awb-spacing-left-medium:0px;--awb-width-small:100%;--awb-spacing-right-small:0px;--awb-spacing-left-small:0px;\"><div class=\"fusion-column-wrapper fusion-flex-justify-content-flex-start fusion-content-layout-column\"><div class=\"fusion-text fusion-text-1\" style=\"--awb-text-transform:none;\"><\/p>\n<p data-fusion-font=\"true\" data-fusion-google-font=\"Montserrat\" data-fusion-google-variant=\"300\">Wavecom Technologies muss f\u00fcr seine Gesch\u00e4ftst\u00e4tigkeit personenbezogene Daten von nat\u00fcrlichen Personen erheben und verarbeiten. Dazu geh\u00f6ren Informationen \u00fcber Kunden, Lieferanten, Gesch\u00e4ftskontakte, Mitarbeiter und andere Personen sowie Mitglieder von Organisationen, mit denen Kontakt bestanden hat oder m\u00f6glicherweise bestehen wird.<\/p>\n<p data-fusion-font=\"true\" data-fusion-google-font=\"Montserrat\" data-fusion-google-variant=\"300\">Diese Richtlinie beschreibt, wie personenbezogene Daten gem\u00e4\u00df den gesetzlichen Bestimmungen und den Datenschutzanforderungen von Wavecom Technologies erhoben, verarbeitet und gespeichert werden m\u00fcssen, unabh\u00e4ngig von der Art der Datentr\u00e4ger (elektronisch, in Papierform oder anderweitig).<\/p>\n<p>\u00a0<\/p><\/p>\n<\/div><\/div><\/div><div class=\"fusion-layout-column fusion_builder_column fusion-builder-column-1 fusion_builder_column_1_1 1_1 fusion-flex-column\" style=\"--awb-bg-size:cover;--awb-width-large:100%;--awb-margin-top-large:35px;--awb-spacing-right-large:0px;--awb-margin-bottom-large:0px;--awb-spacing-left-large:0px;--awb-width-medium:100%;--awb-spacing-right-medium:0px;--awb-spacing-left-medium:0px;--awb-width-small:100%;--awb-spacing-right-small:0px;--awb-spacing-left-small:0px;\"><div class=\"fusion-column-wrapper fusion-flex-justify-content-flex-start fusion-content-layout-column\"><div class=\"accordian fusion-accordian\" style=\"--awb-border-size:1px;--awb-icon-size:13px;--awb-content-font-size:18px;--awb-icon-alignment:left;--awb-hover-color:#f9f9f9;--awb-border-color:#ecefef;--awb-background-color:#ffffff;--awb-divider-color:#e0dede;--awb-divider-hover-color:#e0dede;--awb-icon-color:#ffffff;--awb-title-color:#333333;--awb-content-color:#747474;--awb-icon-box-color:#333333;--awb-toggle-hover-accent-color:#ffffff;--awb-title-font-family:&quot;Montserrat&quot;;--awb-title-font-weight:600;--awb-title-font-style:normal;--awb-title-font-size:18px;--awb-content-font-family:&quot;Montserrat&quot;;--awb-content-font-style:normal;--awb-content-font-weight:400;\"><div class=\"panel-group fusion-toggle-icon-boxed\" id=\"accordion-10708-1\"><div class=\"fusion-panel panel-default panel-fa01ca667637c6a2b fusion-toggle-has-divider\"><div class=\"panel-heading\"><h4 class=\"panel-title toggle\" id=\"toggle_fa01ca667637c6a2b\"><a aria-expanded=\"false\" aria-controls=\"fa01ca667637c6a2b\" role=\"button\" data-toggle=\"collapse\" data-parent=\"#accordion-10708-1\" data-target=\"#fa01ca667637c6a2b\" href=\"#fa01ca667637c6a2b\"><span class=\"fusion-toggle-icon-wrapper\" aria-hidden=\"true\"><i class=\"fa-fusion-box active-icon awb-icon-minus\" aria-hidden=\"true\"><\/i><i class=\"fa-fusion-box inactive-icon awb-icon-plus\" aria-hidden=\"true\"><\/i><\/span><span class=\"fusion-toggle-heading\">Diese Richtlinie gilt f\u00fcr:<\/span><\/a><\/h4><\/div><div id=\"fa01ca667637c6a2b\" class=\"panel-collapse collapse \" aria-labelledby=\"toggle_fa01ca667637c6a2b\"><div class=\"panel-body toggle-content fusion-clearfix\">\r\n<ul>\r\n<li>WAVECOM TECHNOLOGIES Hauptsitz<\/li>\r\n<li>WAVECOM TECHNOLOGIES Tochtergesellschaften und Niederlassungen<\/li>\r\n<li>Alle Mitarbeiter von WAVECOM TECHNOLOGIES, unabh\u00e4ngig von dem Vertrag, den sie mit dem Unternehmen haben<\/li>\r\n<li>Alle Subunternehmer, Lieferanten und andere Personen und Organisationen, die im Auftrag von WAVECOM TECHNOLOGIES handeln.<\/li>\r\n<\/ul>\r\n<\/div><\/div><\/div><div class=\"fusion-panel panel-default panel-348ba7c1be67c6e8c fusion-toggle-has-divider\"><div class=\"panel-heading\"><h4 class=\"panel-title toggle\" id=\"toggle_348ba7c1be67c6e8c\"><a aria-expanded=\"false\" aria-controls=\"348ba7c1be67c6e8c\" role=\"button\" data-toggle=\"collapse\" data-parent=\"#accordion-10708-1\" data-target=\"#348ba7c1be67c6e8c\" href=\"#348ba7c1be67c6e8c\"><span class=\"fusion-toggle-icon-wrapper\" aria-hidden=\"true\"><i class=\"fa-fusion-box active-icon awb-icon-minus\" aria-hidden=\"true\"><\/i><i class=\"fa-fusion-box inactive-icon awb-icon-plus\" aria-hidden=\"true\"><\/i><\/span><span class=\"fusion-toggle-heading\">Diese Richtlinie stellt sicher, dass WAVECOM TECHNOLOGIES:<\/span><\/a><\/h4><\/div><div id=\"348ba7c1be67c6e8c\" class=\"panel-collapse collapse \" aria-labelledby=\"toggle_348ba7c1be67c6e8c\"><div class=\"panel-body toggle-content fusion-clearfix\">\r\n<ul>\r\n<li>Erf\u00fcllt die Gesetzgebung zum Schutz personenbezogener Daten, insbesondere die EU-Verordnung 2016\/679 vom 27\/04<\/li>\r\n<li>Sch\u00fctzt die Rechte seiner Mitarbeiter, Kunden und anderer Partner<\/li>\r\n<li>Es ist transparent \u00fcber die Art und Weise, wie es pers\u00f6nliche Daten verarbeitet<\/li>\r\n<li>Sch\u00fctzt sich vor dem Risiko der Verletzung pers\u00f6nlicher Daten<\/li>\r\n<\/ul>\r\n<\/div><\/div><\/div><div class=\"fusion-panel panel-default panel-f760f234e58aa1072 fusion-toggle-has-divider\"><div class=\"panel-heading\"><h4 class=\"panel-title toggle\" id=\"toggle_f760f234e58aa1072\"><a aria-expanded=\"false\" aria-controls=\"f760f234e58aa1072\" role=\"button\" data-toggle=\"collapse\" data-parent=\"#accordion-10708-1\" data-target=\"#f760f234e58aa1072\" href=\"#f760f234e58aa1072\"><span class=\"fusion-toggle-icon-wrapper\" aria-hidden=\"true\"><i class=\"fa-fusion-box active-icon awb-icon-minus\" aria-hidden=\"true\"><\/i><i class=\"fa-fusion-box inactive-icon awb-icon-plus\" aria-hidden=\"true\"><\/i><\/span><span class=\"fusion-toggle-heading\">Die f\u00fcr den Schutz personenbezogener Daten geltenden Grunds\u00e4tze sind:<\/span><\/a><\/h4><\/div><div id=\"f760f234e58aa1072\" class=\"panel-collapse collapse \" aria-labelledby=\"toggle_f760f234e58aa1072\"><div class=\"panel-body toggle-content fusion-clearfix\">\r\n<ol>\r\n<li>\r\n<h4 class=\"fusion-responsive-typography-calculated\" data-fontsize=\"13\" data-lineheight=\"20.02px\">Rechtm\u00e4\u00dfigkeit, Loyalit\u00e4t und Transparenz: Die Rechtsgrundlage f\u00fcr jede Datenverarbeitung muss angegeben werden, und die Inhaber dieser Daten m\u00fcssen zuvor in einer klaren und verst\u00e4ndlichen Sprache \u00fcber die Zwecke und die Art und Weise, wie wir dies tun, informiert werden.<\/h4>\r\n<\/li>\r\n<li>\r\n<h4 class=\"fusion-responsive-typography-calculated\" data-fontsize=\"13\" data-lineheight=\"20.02px\">Zweckbindung: Der spezifische Zweck der Verarbeitung personenbezogener Daten muss ausdr\u00fccklich und rechtm\u00e4\u00dfig sein und zum Zeitpunkt der Erhebung der personenbezogenen Daten angegeben werden. Die zu einem bestimmten Zweck erhobenen Daten d\u00fcrfen nicht f\u00fcr einen anderen Zweck verwendet werden, der sich nicht aus dem ersten Zweck ergibt.<\/h4>\r\n<\/li>\r\n<li>\r\n<h4 class=\"fusion-responsive-typography-calculated\" data-fontsize=\"13\" data-lineheight=\"20.02px\">Angemessenheit, Relevanz und Minimierung: Nur die angemessenen und erforderlichen personenbezogenen Daten werden f\u00fcr die zu erreichenden Zwecke verarbeitet.<\/h4>\r\n<\/li>\r\n<li>\r\n<h4 class=\"fusion-responsive-typography-calculated\" data-fontsize=\"13\" data-lineheight=\"20.02px\">Richtigkeit und Aktualisierung: Es m\u00fcssen die erforderlichen Ma\u00dfnahmen ergriffen werden, um sicherzustellen, dass die ungenauen Daten korrigiert oder gel\u00f6scht werden.<\/h4>\r\n<\/li>\r\n<li>\r\n<h4 class=\"fusion-responsive-typography-calculated\" data-fontsize=\"13\" data-lineheight=\"20.02px\">Speicherbegrenzung: Personenbezogene Daten werden nur so lange gespeichert, wie es f\u00fcr den jeweiligen Zweck erforderlich ist. F\u00fcr jeden Datensatz wird eine Frist f\u00fcr die L\u00f6schung oder Vernichtung festgelegt.<\/h4>\r\n<\/li>\r\n<li>\r\n<h4 class=\"fusion-responsive-typography-calculated\" data-fontsize=\"13\" data-lineheight=\"20.02px\">Sicherheit und Vertraulichkeit: Personenbezogene Daten werden so gespeichert, dass ihr Schutz gew\u00e4hrleistet ist und dass ihr Zugriff beschr\u00e4nkt ist, um sicherzustellen, dass nur ordnungsgem\u00e4\u00df befugtes Personal sie verarbeiten kann.<\/h4>\r\n<\/li>\r\n<li>\r\n<h4 class=\"fusion-responsive-typography-calculated\" data-fontsize=\"13\" data-lineheight=\"20.02px\">Datenschutz von Anfang an und standardm\u00e4\u00dfig: Vor der Verarbeitung von Daten werden Ma\u00dfnahmen ergriffen, die gew\u00e4hrleisten, dass der Datenschutz von Anfang an und w\u00e4hrend des gesamten Verarbeitungsprozesses ber\u00fccksichtigt wird.<\/h4>\r\n<\/li>\r\n<\/ol>\r\n<\/div><\/div><\/div><\/div><\/div><\/div><\/div><div class=\"fusion-layout-column fusion_builder_column fusion-builder-column-2 fusion_builder_column_1_1 1_1 fusion-flex-column\" style=\"--awb-bg-size:cover;--awb-width-large:100%;--awb-margin-top-large:50px;--awb-spacing-right-large:0px;--awb-margin-bottom-large:0px;--awb-spacing-left-large:0px;--awb-width-medium:100%;--awb-spacing-right-medium:0px;--awb-spacing-left-medium:0px;--awb-width-small:100%;--awb-spacing-right-small:0px;--awb-spacing-left-small:0px;\"><div class=\"fusion-column-wrapper fusion-flex-justify-content-flex-start fusion-content-layout-column\"><div class=\"fusion-text fusion-text-2\" style=\"--awb-text-transform:none;\"><p>&nbsp;<\/p>\n<p>Dateninhaber haben das Recht auf Auskunft, Berichtigung, Zweckbeschr\u00e4nkung, Daten\u00fcbertragbarkeit, L\u00f6schung und Widerspruch gegen automatisierte Entscheidungen.<\/p>\n<p>Der von einem Dateninhaber kontaktierte Mitarbeiter, der eines dieser Rechte aus\u00fcben m\u00f6chte, muss vor der Bereitstellung von Informationen gem\u00e4\u00df dem Verfahren zur Aus\u00fcbung der Rechte dessen Identit\u00e4t \u00fcberpr\u00fcfen. Anschlie\u00dfend muss er die Anfrage zur Bearbeitung an den Datenschutzbeauftragten (privacy@wavecom.com) weiterleiten.<\/p>\n<p>WAVECOM TECHNOLOGIES kann Daten ohne Wissen des Dateninhabers an Beh\u00f6rden weitergeben, wenn dies einer gesetzlichen oder gerichtlichen Verpflichtung nachkommt.<\/p>\n<p>Aveiro, 8. Dezember 2020<\/p>\n<p>&nbsp;<\/p>\n<p>&nbsp;<\/p>\n<\/div><\/div><\/div><\/div><\/div>","protected":false},"excerpt":{"rendered":"","protected":false},"author":2,"featured_media":0,"parent":0,"menu_order":0,"comment_status":"closed","ping_status":"open","template":"","meta":{"inline_featured_image":false,"footnotes":""},"class_list":["post-10708","page","type-page","status-publish","hentry"],"_links":{"self":[{"href":"https:\/\/wavecom.com\/de\/wp-json\/wp\/v2\/pages\/10708","targetHints":{"allow":["GET"]}}],"collection":[{"href":"https:\/\/wavecom.com\/de\/wp-json\/wp\/v2\/pages"}],"about":[{"href":"https:\/\/wavecom.com\/de\/wp-json\/wp\/v2\/types\/page"}],"author":[{"embeddable":true,"href":"https:\/\/wavecom.com\/de\/wp-json\/wp\/v2\/users\/2"}],"replies":[{"embeddable":true,"href":"https:\/\/wavecom.com\/de\/wp-json\/wp\/v2\/comments?post=10708"}],"version-history":[{"count":3,"href":"https:\/\/wavecom.com\/de\/wp-json\/wp\/v2\/pages\/10708\/revisions"}],"predecessor-version":[{"id":11011,"href":"https:\/\/wavecom.com\/de\/wp-json\/wp\/v2\/pages\/10708\/revisions\/11011"}],"wp:attachment":[{"href":"https:\/\/wavecom.com\/de\/wp-json\/wp\/v2\/media?parent=10708"}],"curies":[{"name":"wp","href":"https:\/\/api.w.org\/{rel}","templated":true}]}}